{"id":284,"date":"2014-03-05T20:23:21","date_gmt":"2014-03-05T20:23:21","guid":{"rendered":"http:\/\/www.daruma.be\/website\/?page_id=284"},"modified":"2014-03-24T18:04:40","modified_gmt":"2014-03-24T18:04:40","slug":"ontstaan-karate","status":"publish","type":"page","link":"https:\/\/www.daruma.be\/website\/ontstaan-karate","title":{"rendered":"Ontstaan Karate"},"content":{"rendered":"<h2><em><strong>Van waar komt de naam Daruma?<\/strong><\/em><\/h2>\n<p>Volgens de legende is Karate-Do ongeveer 2000 jaar geleden in China ontstaan. In die tijd leefde er een Indische monnik Daruma geheten, die in het klooster de Boeddhistische leer onderwees. Zijn onderwijs en tucht waren echter zo streng dat de leerlingen \u00e9\u00e9n na \u00e9\u00e9n het bewustzijn verloren. Daruma wilde dit voorkomen en stelde daartoe een soort fysiologische techniek samen, die zijn leerlingen lichamelijk en geestelijk moest sterken en hen zou beschermen op verre reizen. In de loop der jaren zijn er verschillende stijlen ontwikkeld. De zelfverdediging breidde zich uit tot in Okinawa. Sensei Gichin Funakoshi heeft nadien een eigen stijl ontwikkeld, namelijk de Shotokan stijl.<\/p>\n<p>&nbsp;<\/p>\n<p style=\"text-align: center;\"><a href=\"https:\/\/www.daruma.be\/website\/wp-content\/uploads\/2014\/03\/karate_logo_kopie.jpg\"><img loading=\"lazy\" decoding=\"async\" class=\"wp-image-337 aligncenter\" alt=\"karate_logo_kopie\" src=\"https:\/\/www.daruma.be\/website\/wp-content\/uploads\/2014\/03\/karate_logo_kopie-300x294.jpg\" width=\"302\" height=\"294\" \/><\/a><\/p>\n<p>&nbsp;<\/p>\n<p>Sensei \u00a0Funakoshi hoorde graag het geluid van de wuivende dennen. Hierdoor schreef hij po\u00ebtische teksten in kalligrafie, die hij ondertekende met &#8221; Shoto&#8221;.<\/p>\n<p>&#8220;Kan&#8221; hebben zijn leerlingen aan de school gegeven. Onze school beoefent de traditionele Shotokan stijl volgens de leer van Sensei Funakoshi. Sensei Kas\u00e9, geboren op 09\/02\/1929 en overleden op 24\/11\/2004, was \u00e9\u00e9n van de laatste shotokan karatemeesters die nog onder Sensei Funakoshi Gichin en diens zoon Yoshitaka trainde.\u00a0Hij woonde sedert 1966 in Parijs en is de grondlegger van de Ura kata en de Go kata. Sensei Kas\u00e9 was 9\u00b0 Dan. De Daruma Karate school Duffel heeft de eer gehad om nog stages te volgen onder leiding van Sensei Kas\u00e9. Hij was een sterke persoonlijkheid die de leer van Sensei Funakoshi overbracht op alle karateka&#8217;s. Iedereen die met\u00a0Sensei Kas\u00e9 getraind heeft, zal dan ook een mooie herinnering aan overhouden. Indien u vragen hebt, kan u telefonisch contact opnemen met trainer en secretaris Van den Brande\u00a0Alfons.<\/p>\n<p>&nbsp;<\/p>\n<p>&nbsp;<\/p>\n<p>&nbsp;<\/p>\n","protected":false},"excerpt":{"rendered":"<p>Van waar komt de naam Daruma? Volgens de legende is Karate-Do ongeveer 2000 jaar geleden in China ontstaan. In die tijd leefde er een Indische monnik Daruma geheten, die in het klooster de Boeddhistische leer onderwees. Zijn onderwijs en tucht waren echter zo streng dat de leerlingen \u00e9\u00e9n na \u00e9\u00e9n het bewustzijn verloren. Daruma wilde [&hellip;]<\/p>\n","protected":false},"author":2,"featured_media":0,"parent":0,"menu_order":0,"comment_status":"closed","ping_status":"closed","template":"page-full-width.php","meta":{"footnotes":""},"class_list":["post-284","page","type-page","status-publish","hentry"],"_links":{"self":[{"href":"https:\/\/www.daruma.be\/website\/wp-json\/wp\/v2\/pages\/284","targetHints":{"allow":["GET"]}}],"collection":[{"href":"https:\/\/www.daruma.be\/website\/wp-json\/wp\/v2\/pages"}],"about":[{"href":"https:\/\/www.daruma.be\/website\/wp-json\/wp\/v2\/types\/page"}],"author":[{"embeddable":true,"href":"https:\/\/www.daruma.be\/website\/wp-json\/wp\/v2\/users\/2"}],"replies":[{"embeddable":true,"href":"https:\/\/www.daruma.be\/website\/wp-json\/wp\/v2\/comments?post=284"}],"version-history":[{"count":8,"href":"https:\/\/www.daruma.be\/website\/wp-json\/wp\/v2\/pages\/284\/revisions"}],"predecessor-version":[{"id":347,"href":"https:\/\/www.daruma.be\/website\/wp-json\/wp\/v2\/pages\/284\/revisions\/347"}],"wp:attachment":[{"href":"https:\/\/www.daruma.be\/website\/wp-json\/wp\/v2\/media?parent=284"}],"curies":[{"name":"wp","href":"https:\/\/api.w.org\/{rel}","templated":true}]}}